{"id":14348,"date":"2024-12-07T14:03:03","date_gmt":"2024-12-07T13:03:03","guid":{"rendered":"https:\/\/lama-fortune.com\/?page_id=14348"},"modified":"2024-12-15T15:30:45","modified_gmt":"2024-12-15T14:30:45","slug":"allgemeine-geschaftsbedingungen-fur-die-nutzung-von-lama-fortune-cgu","status":"publish","type":"page","link":"https:\/\/old.lama-fortune.com\/de\/conditions-generales-dutilisation-cgu-de-lama-fortune\/","title":{"rendered":"Allgemeine Nutzungsbedingungen (AGB) von Lama Fortune"},"content":{"rendered":"<h2 class=\"wp-block-heading\">Artikel 1 - Pr\u00e4ambel<\/h2>\n\n\n\n<p>Die vorliegenden Allgemeinen Nutzungsbedingungen (im Folgenden \"ANB\") regeln den Zugang und die Nutzung der Website <strong><a href=\"https:\/\/lama-fortune.com\/\">https:\/\/lama-fortune.com\/<\/a><\/strong> (im Folgenden die \"Website\"). Durch den Zugriff auf die Website erkl\u00e4ren Sie sich vorbehaltlos mit den Nutzungsbedingungen einverstanden. Wenn Sie diesen Bedingungen nicht zustimmen, nutzen Sie die Website bitte nicht.<\/p>\n\n\n\n<h2 class=\"wp-block-heading\">Artikel 2 - Begriffsbestimmungen<\/h2>\n\n\n\n<ul class=\"wp-block-list\">\n<li><strong>Benutzer<\/strong> : Jede Person, die auf der Website surft, sich mit ihr vertraut macht, sich registriert oder die auf der Website angebotenen Dienste nutzt.<\/li>\n\n\n\n<li><strong>Dienste<\/strong> : die Gesamtheit der von der Website angebotenen Funktionen.<\/li>\n\n\n\n<li><strong>Inhalte<\/strong> : Texte, Bilder, Videos, Grafiken oder jedes andere Element, das auf der Website zug\u00e4nglich ist.<\/li>\n<\/ul>\n\n\n\n<h2 class=\"wp-block-heading\">Artikel 3 - Zweck<\/h2>\n\n\n\n<p>Die ANB haben zum Ziel, die Modalit\u00e4ten des Zugangs und der Nutzung der Website sowie die Rechte und Pflichten ihrer Nutzer und des Herausgebers der Website festzulegen.<\/p>\n\n\n\n<h2 class=\"wp-block-heading\">Artikel 4 - Rechtliche Hinweise<\/h2>\n\n\n\n<p>Die Seite <strong>Lama Fortune<\/strong> wird herausgegeben von :<\/p>\n\n\n\n<ul class=\"wp-block-list\">\n<li>Lama Fortune<\/li>\n\n\n\n<li><strong>Kontakt<\/strong> : contact@lama-fortune.com<\/li>\n<\/ul>\n\n\n\n<p>Hosting :<\/p>\n\n\n\n<p><strong>K Media Tech Ltd<\/strong><br>ap. 12, fl. 2, entr. B, Bl. 68,<br>Manastirski Livadi Residential District,<br>Sofia, UIC 202249002<\/p>\n\n\n\n<h2 class=\"wp-block-heading\">Artikel 5 - Zugang zur Website<\/h2>\n\n\n\n<p>Die Website ist f\u00fcr jeden Nutzer, der \u00fcber einen Internetzugang verf\u00fcgt, kostenlos zug\u00e4nglich. Einige Dienste k\u00f6nnen jedoch eine Registrierung oder ein kostenpflichtiges Abonnement erfordern.<\/p>\n\n\n\n<p>Der Nutzer ist f\u00fcr seine Computerausr\u00fcstung und seine Verbindung zum Internet verantwortlich.<\/p>\n\n\n\n<h2 class=\"wp-block-heading\">Artikel 6 - Geistiges Eigentum<\/h2>\n\n\n\n<p>Alle Inhalte der Website sind durch die geltenden Gesetze zum Schutz des geistigen Eigentums gesch\u00fctzt. Jede unerlaubte Vervielf\u00e4ltigung, Verbreitung oder Nutzung der Inhalte ist strengstens untersagt, es sei denn, es liegt eine ausdr\u00fcckliche Genehmigung des Herausgebers vor.<\/p>\n\n\n\n<h2 class=\"wp-block-heading\">Artikel 7 - Nutzung der Website<\/h2>\n\n\n\n<p>Der Nutzer verpflichtet sich zu :<\/p>\n\n\n\n<ol class=\"wp-block-list\">\n<li>die Website in \u00dcbereinstimmung mit den geltenden Gesetzen zu nutzen ;<\/li>\n\n\n\n<li>Die Rechte anderer Nutzer oder die Sicherheit der Website nicht zu beeintr\u00e4chtigen ;<\/li>\n\n\n\n<li>Versuchen Sie nicht, sich unerlaubt Zugang zu Daten oder Systemen zu verschaffen.<\/li>\n<\/ol>\n\n\n\n<h2 class=\"wp-block-heading\">Artikel 8 - Pers\u00f6nliche Daten<\/h2>\n\n\n\n<p>Die Nutzung der Website kann die Erhebung personenbezogener Daten erfordern. Diese Daten werden gem\u00e4\u00df unserer <strong>Datenschutzrichtlinie<\/strong>, zug\u00e4nglich : <a href=\"https:\/\/lama-fortune.com\/privacy-policy\/\" data-type=\"page\" data-id=\"3\">hier<\/a>.<\/p>\n\n\n\n<h2 class=\"wp-block-heading\">Artikel 9 - Verantwortlichkeit<\/h2>\n\n\n\n<ol class=\"wp-block-list\">\n<li><strong>Verantwortung des Herausgebers<\/strong> Der Herausgeber bem\u00fcht sich, die Website zug\u00e4nglich und auf dem neuesten Stand zu halten, garantiert jedoch nicht, dass sie frei von Fehlern oder Unterbrechungen ist.<\/li>\n\n\n\n<li><strong>Haftung des Nutzers<\/strong> Der Nutzer ist f\u00fcr seine Nutzung der Website und die Informationen, die er dort ver\u00f6ffentlicht oder abruft, verantwortlich.<\/li>\n<\/ol>\n\n\n\n<h2 class=\"wp-block-heading\">Artikel 10 - Externe Links<\/h2>\n\n\n\n<p>Die Website kann Links zu Websites Dritter enthalten. Der Herausgeber \u00fcbernimmt keine Verantwortung f\u00fcr den Inhalt oder die Praktiken dieser externen Websites.<\/p>\n\n\n\n<h2 class=\"wp-block-heading\">Artikel 11 - \u00c4nderung der AGB<\/h2>\n\n\n\n<p>Der Herausgeber beh\u00e4lt sich das Recht vor, die AGB jederzeit zu \u00e4ndern. Die Nutzer werden \u00fcber Aktualisierungen durch eine Ver\u00f6ffentlichung auf der Website informiert.<\/p>\n\n\n\n<h2 class=\"wp-block-heading\">Artikel 12 - Anwendbares Recht und zust\u00e4ndige Gerichtsbarkeit<\/h2>\n\n\n\n<p>Die AGB unterliegen dem franz\u00f6sischen Recht. Im Falle eines Rechtsstreits sind die Gerichte zust\u00e4ndig, in deren Zust\u00e4ndigkeitsbereich sich die Adresse des Gesch\u00e4ftssitzes des Herausgebers befindet.<\/p>\n\n\n\n<h2 class=\"wp-block-heading\">Artikel 13 - Kontakt<\/h2>\n\n\n\n<p>Wenn du Fragen zu den AGB hast, kontaktiere uns bitte unter contact@lama-fortune.com.<\/p>\n\n\n\n<p><\/p>","protected":false},"excerpt":{"rendered":"<p>Artikel 1 - Pr\u00e4ambel Die vorliegenden Allgemeinen Nutzungsbedingungen (im Folgenden \"ANB\") regeln den Zugang und die Nutzung der Website https:\/\/lama-fortune.com\/ (im Folgenden \"Website\"). Durch den Zugriff auf die Website erkl\u00e4ren Sie sich vorbehaltlos mit den Nutzungsbedingungen einverstanden. Wenn Sie diesen Bedingungen nicht zustimmen, nutzen Sie die Website bitte nicht. Artikel 2 - Begriffsbestimmungen Artikel 3...<\/p>","protected":false},"author":3,"featured_media":0,"parent":0,"menu_order":0,"comment_status":"closed","ping_status":"closed","template":"","meta":{"_kad_blocks_custom_css":"","_kad_blocks_head_custom_js":"","_kad_blocks_body_custom_js":"","_kad_blocks_footer_custom_js":"","_kad_post_transparent":"","_kad_post_title":"","_kad_post_layout":"","_kad_post_sidebar_id":"","_kad_post_content_style":"","_kad_post_vertical_padding":"","_kad_post_feature":"","_kad_post_feature_position":"","_kad_post_header":false,"_kad_post_footer":false,"_kad_post_classname":"","footnotes":""},"class_list":["post-14348","page","type-page","status-publish","hentry"],"taxonomy_info":[],"featured_image_src_large":false,"author_info":{"display_name":"Martin Moth\u00e9","author_link":"https:\/\/old.lama-fortune.com\/de\/author\/mmothe\/"},"comment_info":0,"_links":{"self":[{"href":"https:\/\/old.lama-fortune.com\/de\/wp-json\/wp\/v2\/pages\/14348","targetHints":{"allow":["GET"]}}],"collection":[{"href":"https:\/\/old.lama-fortune.com\/de\/wp-json\/wp\/v2\/pages"}],"about":[{"href":"https:\/\/old.lama-fortune.com\/de\/wp-json\/wp\/v2\/types\/page"}],"author":[{"embeddable":true,"href":"https:\/\/old.lama-fortune.com\/de\/wp-json\/wp\/v2\/users\/3"}],"replies":[{"embeddable":true,"href":"https:\/\/old.lama-fortune.com\/de\/wp-json\/wp\/v2\/comments?post=14348"}],"version-history":[{"count":0,"href":"https:\/\/old.lama-fortune.com\/de\/wp-json\/wp\/v2\/pages\/14348\/revisions"}],"wp:attachment":[{"href":"https:\/\/old.lama-fortune.com\/de\/wp-json\/wp\/v2\/media?parent=14348"}],"curies":[{"name":"wp","href":"https:\/\/api.w.org\/{rel}","templated":true}]}}