{"id":431,"date":"2024-01-31T17:07:48","date_gmt":"2024-01-31T17:07:48","guid":{"rendered":"https:\/\/lama-fortune.com\/?page_id=431"},"modified":"2024-01-31T17:07:48","modified_gmt":"2024-01-31T17:07:48","slug":"neem-contact-op-met","status":"publish","type":"page","link":"https:\/\/old.lama-fortune.com\/nl\/contact\/","title":{"rendered":"Neem contact op met"},"content":{"rendered":"<style>.kb-row-layout-id431_00836b-b7 > .kt-row-column-wrap{align-content:start;}:where(.kb-row-layout-id431_00836b-b7 > .kt-row-column-wrap) > .wp-block-kadence-column{justify-content:start;}.kb-row-layout-id431_00836b-b7 > .kt-row-column-wrap{column-gap:var(--global-kb-gap-lg, 4rem);row-gap:var(--global-kb-gap-md, 2rem);max-width:800px;margin-left:auto;margin-right:auto;padding-top:var(--global-kb-spacing-xxl, 5rem);padding-right:var(--global-kb-spacing-md, 2rem);padding-bottom:var(--global-kb-spacing-xl, 4rem);padding-left:var(--global-kb-spacing-md, 2rem);grid-template-columns:minmax(0, 1fr);}.kb-row-layout-id431_00836b-b7{background-image:url('https:\/\/lama-fortune.com\/wp-content\/uploads\/2024\/01\/old-town-belgium.jpg');background-size:cover;background-position:center center;background-attachment:scroll;background-repeat:no-repeat;}.kb-row-layout-id431_00836b-b7 > .kt-row-layout-overlay{opacity:0.80;background:linear-gradient(135deg,rgb(0,0,0) 0%,rgb(3,3,54) 100%);}@media all and (max-width: 1024px){.kb-row-layout-id431_00836b-b7 > .kt-row-column-wrap{row-gap:var(--global-kb-gap-sm, 1rem);padding-top:var(--global-kb-spacing-xl, 4rem);padding-bottom:var(--global-kb-spacing-xl, 4rem);grid-template-columns:minmax(0, 1fr);}}@media all and (max-width: 767px){.kb-row-layout-id431_00836b-b7 > .kt-row-column-wrap{row-gap:var(--global-kb-gap-sm, 1rem);padding-top:var(--global-kb-spacing-lg, 3rem);padding-right:var(--global-kb-spacing-xs, 1rem);padding-bottom:var(--global-kb-spacing-lg, 3rem);padding-left:var(--global-kb-spacing-xs, 1rem);grid-template-columns:minmax(0, 1fr);}}.entry-content-wrap{  padding: 0rem;}<\/style><div class=\"kb-row-layout-wrap kb-row-layout-id431_00836b-b7 alignfull kt-row-has-bg wp-block-kadence-rowlayout\"><div class=\"kt-row-layout-overlay kt-row-overlay-gradient\"><\/div><div class=\"kt-row-column-wrap kt-has-1-columns kt-row-layout-equal kt-tab-layout-inherit kt-mobile-layout-row kt-row-valign-top\">\n<style>.kadence-column431_dac928-01 > .kt-inside-inner-col{display:flex;}.kadence-column431_dac928-01 > .kt-inside-inner-col,.kadence-column431_dac928-01 > .kt-inside-inner-col:before{border-top-left-radius:0px;border-top-right-radius:0px;border-bottom-right-radius:0px;border-bottom-left-radius:0px;}.kadence-column431_dac928-01 > .kt-inside-inner-col{column-gap:var(--global-kb-gap-sm, 1rem);}.kadence-column431_dac928-01 > .kt-inside-inner-col{flex-direction:column;justify-content:center;}.kadence-column431_dac928-01 > .kt-inside-inner-col > .aligncenter{width:100%;}.kt-row-column-wrap > .kadence-column431_dac928-01{align-self:center;}.kt-inner-column-height-full:not(.kt-has-1-columns) > .wp-block-kadence-column.kadence-column431_dac928-01{align-self:auto;}.kt-inner-column-height-full:not(.kt-has-1-columns) > .wp-block-kadence-column.kadence-column431_dac928-01 > .kt-inside-inner-col{flex-direction:column;justify-content:center;}.kadence-column431_dac928-01 > .kt-inside-inner-col:before{opacity:0.3;}.kadence-column431_dac928-01{position:relative;}@media all and (max-width: 1024px){.kt-row-column-wrap > .kadence-column431_dac928-01{align-self:center;}}@media all and (max-width: 1024px){.kt-inner-column-height-full:not(.kt-has-1-columns) > .wp-block-kadence-column.kadence-column431_dac928-01{align-self:auto;}}@media all and (max-width: 1024px){.kt-inner-column-height-full:not(.kt-has-1-columns) > .wp-block-kadence-column.kadence-column431_dac928-01 > .kt-inside-inner-col{flex-direction:column;justify-content:center;}}@media all and (max-width: 1024px){.kadence-column431_dac928-01 > .kt-inside-inner-col{flex-direction:column;justify-content:center;}}@media all and (max-width: 767px){.kt-row-column-wrap > .kadence-column431_dac928-01{align-self:center;}.kt-inner-column-height-full:not(.kt-has-1-columns) > .wp-block-kadence-column.kadence-column431_dac928-01{align-self:auto;}.kt-inner-column-height-full:not(.kt-has-1-columns) > .wp-block-kadence-column.kadence-column431_dac928-01 > .kt-inside-inner-col{flex-direction:column;justify-content:center;}.kadence-column431_dac928-01 > .kt-inside-inner-col{flex-direction:column;justify-content:center;}}<\/style>\n<div class=\"wp-block-kadence-column kadence-column431_dac928-01 inner-column-1\"><div class=\"kt-inside-inner-col\"><style>.kadence-column431_7e87b4-68 > .kt-inside-inner-col{display:flex;}.kadence-column431_7e87b4-68 > .kt-inside-inner-col,.kadence-column431_7e87b4-68 > .kt-inside-inner-col:before{border-top-left-radius:0px;border-top-right-radius:0px;border-bottom-right-radius:0px;border-bottom-left-radius:0px;}.kadence-column431_7e87b4-68 > .kt-inside-inner-col{row-gap:var(--global-kb-gap-none, 0rem );column-gap:var(--global-kb-gap-sm, 1rem);}.kadence-column431_7e87b4-68 > .kt-inside-inner-col{flex-direction:column;align-items:center;}.kadence-column431_7e87b4-68 > .kt-inside-inner-col > .kb-image-is-ratio-size{align-self:stretch;}.kadence-column431_7e87b4-68 > .kt-inside-inner-col > .wp-block-kadence-advancedgallery{align-self:stretch;}.kadence-column431_7e87b4-68 > .kt-inside-inner-col > .aligncenter{width:100%;}.kadence-column431_7e87b4-68 > .kt-inside-inner-col:before{opacity:0.3;}.kadence-column431_7e87b4-68{position:relative;}@media all and (max-width: 1024px){.kadence-column431_7e87b4-68 > .kt-inside-inner-col{flex-direction:column;justify-content:center;align-items:center;}}@media all and (max-width: 767px){.kadence-column431_7e87b4-68 > .kt-inside-inner-col{flex-direction:column;justify-content:center;align-items:center;}}<\/style>\n<div class=\"wp-block-kadence-column kadence-column431_7e87b4-68\"><div class=\"kt-inside-inner-col\"><style>.wp-block-kadence-advancedheading.kt-adv-heading431_9f6335-55, .wp-block-kadence-advancedheading.kt-adv-heading431_9f6335-55[data-kb-block=\"kb-adv-heading431_9f6335-55\"]{margin-bottom:0px;text-align:left;font-size:14px;line-height:1.5;font-weight:600;font-style:normal;color:#019bff;}.wp-block-kadence-advancedheading.kt-adv-heading431_9f6335-55 mark.kt-highlight, .wp-block-kadence-advancedheading.kt-adv-heading431_9f6335-55[data-kb-block=\"kb-adv-heading431_9f6335-55\"] mark.kt-highlight{font-style:normal;color:#f76a0c;-webkit-box-decoration-break:clone;box-decoration-break:clone;padding-top:0px;padding-right:0px;padding-bottom:0px;padding-left:0px;}.wp-block-kadence-advancedheading.kt-adv-heading431_9f6335-55 img.kb-inline-image, .wp-block-kadence-advancedheading.kt-adv-heading431_9f6335-55[data-kb-block=\"kb-adv-heading431_9f6335-55\"] img.kb-inline-image{width:150px;vertical-align:baseline;}@media all and (max-width: 1024px){.wp-block-kadence-advancedheading.kt-adv-heading431_9f6335-55, .wp-block-kadence-advancedheading.kt-adv-heading431_9f6335-55[data-kb-block=\"kb-adv-heading431_9f6335-55\"]{font-size:13px;text-align:center!important;}}@media all and (max-width: 767px){.wp-block-kadence-advancedheading.kt-adv-heading431_9f6335-55, .wp-block-kadence-advancedheading.kt-adv-heading431_9f6335-55[data-kb-block=\"kb-adv-heading431_9f6335-55\"]{margin-top:0px;font-size:12px;}}<\/style>\n<p class=\"kt-adv-heading431_9f6335-55 wp-block-kadence-advancedheading\" data-kb-block=\"kb-adv-heading431_9f6335-55\">Lama Fortune<\/p>\n\n\n<style>.wp-block-kadence-advancedheading.kt-adv-heading431_a29235-bf, .wp-block-kadence-advancedheading.kt-adv-heading431_a29235-bf[data-kb-block=\"kb-adv-heading431_a29235-bf\"]{padding-bottom:var(--global-kb-spacing-xxs, 0.5rem);margin-top:var(--global-kb-spacing-xxs, 0.5rem);margin-bottom:var(--global-kb-spacing-xs, 1rem);text-align:left;font-size:55px;line-height:1.3;font-weight:400;font-style:normal;font-family:Adamina;text-transform:capitalize;border-bottom:1px solid rgba(1,155,255,0.68);}.wp-block-kadence-advancedheading.kt-adv-heading431_a29235-bf mark.kt-highlight, .wp-block-kadence-advancedheading.kt-adv-heading431_a29235-bf[data-kb-block=\"kb-adv-heading431_a29235-bf\"] mark.kt-highlight{font-style:normal;color:#f76a0c;-webkit-box-decoration-break:clone;box-decoration-break:clone;padding-top:0px;padding-right:0px;padding-bottom:0px;padding-left:0px;}.wp-block-kadence-advancedheading.kt-adv-heading431_a29235-bf img.kb-inline-image, .wp-block-kadence-advancedheading.kt-adv-heading431_a29235-bf[data-kb-block=\"kb-adv-heading431_a29235-bf\"] img.kb-inline-image{width:150px;vertical-align:baseline;}@media all and (max-width: 1024px){.wp-block-kadence-advancedheading.kt-adv-heading431_a29235-bf, .wp-block-kadence-advancedheading.kt-adv-heading431_a29235-bf[data-kb-block=\"kb-adv-heading431_a29235-bf\"]{font-size:45px;border-bottom:1px solid rgba(1,155,255,0.68);}}@media all and (max-width: 767px){.wp-block-kadence-advancedheading.kt-adv-heading431_a29235-bf, .wp-block-kadence-advancedheading.kt-adv-heading431_a29235-bf[data-kb-block=\"kb-adv-heading431_a29235-bf\"]{font-size:28px;border-bottom:1px solid rgba(1,155,255,0.68);}}<\/style>\n<h2 class=\"kt-adv-heading431_a29235-bf wp-block-kadence-advancedheading has-theme-palette-9-color has-text-color\" data-kb-block=\"kb-adv-heading431_a29235-bf\">nous Contacter<\/h2>\n\n\n<style>.wp-block-kadence-advancedheading.kt-adv-heading431_293bc0-bf, .wp-block-kadence-advancedheading.kt-adv-heading431_293bc0-bf[data-kb-block=\"kb-adv-heading431_293bc0-bf\"]{margin-top:0px;text-align:center;font-size:16px;line-height:1.5;font-weight:300;font-style:normal;}.wp-block-kadence-advancedheading.kt-adv-heading431_293bc0-bf mark.kt-highlight, .wp-block-kadence-advancedheading.kt-adv-heading431_293bc0-bf[data-kb-block=\"kb-adv-heading431_293bc0-bf\"] mark.kt-highlight{font-style:normal;color:#f76a0c;-webkit-box-decoration-break:clone;box-decoration-break:clone;padding-top:0px;padding-right:0px;padding-bottom:0px;padding-left:0px;}.wp-block-kadence-advancedheading.kt-adv-heading431_293bc0-bf img.kb-inline-image, .wp-block-kadence-advancedheading.kt-adv-heading431_293bc0-bf[data-kb-block=\"kb-adv-heading431_293bc0-bf\"] img.kb-inline-image{width:150px;vertical-align:baseline;}@media all and (max-width: 1024px){.wp-block-kadence-advancedheading.kt-adv-heading431_293bc0-bf, .wp-block-kadence-advancedheading.kt-adv-heading431_293bc0-bf[data-kb-block=\"kb-adv-heading431_293bc0-bf\"]{font-size:15px;}}@media all and (max-width: 767px){.wp-block-kadence-advancedheading.kt-adv-heading431_293bc0-bf, .wp-block-kadence-advancedheading.kt-adv-heading431_293bc0-bf[data-kb-block=\"kb-adv-heading431_293bc0-bf\"]{font-size:14px;}}<\/style>\n<p class=\"kt-adv-heading431_293bc0-bf wp-block-kadence-advancedheading has-theme-palette-9-color has-text-color\" data-kb-block=\"kb-adv-heading431_293bc0-bf\">Nous nous engageons \u00e0 r\u00e9pondre \u00e0 vos questions et \u00e0 vous fournir un support personnalis\u00e9. N\u2019h\u00e9sitez pas \u00e0 nous contacter si vous avez des interrogations ! Remplissez le formulaire de contact et nous vous r\u00e9pondrons dans les plus brefs d\u00e9lais !<\/p>\n\n\n<style>.kadence-column431_e37198-4a{max-width:530px;margin-left:auto;margin-right:auto;}.wp-block-kadence-column.kb-section-dir-horizontal:not(.kb-section-md-dir-vertical)>.kt-inside-inner-col>.kadence-column431_e37198-4a{-webkit-flex:0 1 530px;flex:0 1 530px;max-width:unset;margin-left:unset;margin-right:unset;}.kadence-column431_e37198-4a > .kt-inside-inner-col{padding-top:var(--global-kb-spacing-lg, 3rem);padding-right:var(--global-kb-spacing-md, 2rem);padding-bottom:var(--global-kb-spacing-lg, 3rem);padding-left:var(--global-kb-spacing-md, 2rem);}.kadence-column431_e37198-4a > .kt-inside-inner-col{box-shadow:0px 0px 15px 0px #000000;}.kadence-column431_e37198-4a > .kt-inside-inner-col,.kadence-column431_e37198-4a > .kt-inside-inner-col:before{border-top-left-radius:8px;border-top-right-radius:8px;border-bottom-right-radius:8px;border-bottom-left-radius:8px;}.kadence-column431_e37198-4a > .kt-inside-inner-col{column-gap:var(--global-kb-gap-sm, 1rem);}.kadence-column431_e37198-4a > .kt-inside-inner-col{flex-direction:column;}.kadence-column431_e37198-4a > .kt-inside-inner-col > .aligncenter{width:100%;}.kadence-column431_e37198-4a > .kt-inside-inner-col{background-color:var(--global-palette9, #ffffff);}.kadence-column431_e37198-4a > .kt-inside-inner-col:before{opacity:0.3;}.kadence-column431_e37198-4a{position:relative;}@media all and (min-width: 1025px){.wp-block-kadence-column.kb-section-dir-horizontal>.kt-inside-inner-col>.kadence-column431_e37198-4a{-webkit-flex:0 1 530px;flex:0 1 530px;max-width:unset;margin-left:unset;margin-right:unset;}}@media all and (max-width: 1024px){.kadence-column431_e37198-4a > .kt-inside-inner-col{flex-direction:column;justify-content:center;}}@media all and (max-width: 767px){.kadence-column431_e37198-4a > .kt-inside-inner-col{padding-top:var(--global-kb-spacing-sm, 1.5rem);padding-right:var(--global-kb-spacing-sm, 1.5rem);padding-bottom:var(--global-kb-spacing-sm, 1.5rem);padding-left:var(--global-kb-spacing-sm, 1.5rem);flex-direction:column;justify-content:center;}.wp-block-kadence-column.kb-section-sm-dir-vertical:not(.kb-section-sm-dir-horizontal):not(.kb-section-sm-dir-specificity)>.kt-inside-inner-col>.kadence-column431_e37198-4a{max-width:530px;-webkit-flex:1;flex:1;margin-left:auto;margin-right:auto;}}<\/style>\n<div class=\"wp-block-kadence-column kadence-column431_e37198-4a inner-column-2\"><div class=\"kt-inside-inner-col\"><style>.wp-block-kadence-form.kadence-form-431_6d76c8-05.kb-form-wrap{margin-top:0px;margin-bottom:0px;}.kadence-form-431_6d76c8-05 .kb-form .kadence-blocks-form-field .kb-text-style-field, .kadence-form-431_6d76c8-05 .kb-form .kadence-blocks-form-field .kb-select-style-field{color:var(--global-palette2, #2B6CB0);border-radius:0px;font-size:var(--global-kb-font-size-sm, 0.9rem);line-height:1.4em;border-width:0px 0px 2px 0px;background:rgba(0, 0, 0, 0);border-color:var(--global-palette1, #3182CE);}.kadence-form-431_6d76c8-05 .kb-form .kadence-blocks-form-field .kb-text-style-field:focus, .kadence-form-431_6d76c8-05 .kb-form .kadence-blocks-form-field .kb-select-style-field:focus{border-color:#019bff;}.kadence-form-431_6d76c8-05 .kb-form .kadence-blocks-form-field > label{color:var(--global-palette3, #1A202C);font-size:var(--global-kb-font-size-sm, 0.9rem);line-height:1em;}.kadence-form-431_6d76c8-05 .kb-form .kadence-blocks-form-field.kb-accept-form-field .kb-checkbox-style{font-size:1em;height:1em;}.kadence-form-431_6d76c8-05 .kb-form .kadence-blocks-form-field .kb-forms-submit{border-radius:5px;background:var(--global-palette1, #3182CE);}.kadence-form-431_6d76c8-05 .kb-form .kadence-blocks-form-field .kb-forms-submit:hover, .kadence-form-431_6d76c8-05 .kb-form .kadence-blocks-form-field .kb-forms-submit:focus {background:var(--global-palette2, #2B6CB0);}.kadence-form-431_6d76c8-05 .kb-form .kadence-blocks-form-field .kb-forms-submit{font-size:12px;letter-spacing:1px;text-transform:uppercase;font-weight:600;}.kb-form input.kadence-blocks-field.verify{opacity:0.0;position:absolute;top:0.0;left:0.0;width:0.0;height:0.0;z-index:-1;}@media all and (max-width: 1024px){.kadence-form-431_6d76c8-05 .kb-form .kadence-blocks-form-field > label{font-size:12px;}}@media all and (max-width: 767px){.kadence-form-431_6d76c8-05 .kb-form .kadence-blocks-form-field .kb-text-style-field, .kadence-form-431_6d76c8-05 .kb-form .kadence-blocks-form-field .kb-select-style-field{font-size:13px;line-height:1.5em;}.kadence-form-431_6d76c8-05 .kb-form .kadence-blocks-form-field > label{font-size:12px;}.kadence-form-431_6d76c8-05 .kb-form .kadence-blocks-form-field .kb-forms-submit{font-size:10px;}}<\/style>\n<div class=\"wp-block-kadence-form kadence-form-431_6d76c8-05 kb-form-wrap\"><form class=\"kb-form\" action=\"\" method=\"post\"><div class=\"kadence-blocks-form-field kb-field-desk-width-50 kb-field-mobile-width-100 kb-input-size-standard\"><label for=\"kb_field_431_6d76c8-05_0\">Votre Nom<span class=\"required\">*<\/span><\/label><input name=\"kb_field_0\" id=\"kb_field_431_6d76c8-05_0\" data-label=\"Votre Nom\" type=\"text\" placeholder=\"\" value=\"\" data-type=\"text\" class=\"kb-field kb-text-style-field kb-text-field kb-field-0\" data-required=\"yes\" data-required-message=\"Votre nom est requis.\"\/><\/div><div class=\"kadence-blocks-form-field kb-form-field-1 kb-field-desk-width-50 kb-field-mobile-width-100 kb-input-size-standard\"><label for=\"kb_field_431_6d76c8-05_1\">Votre adresse e-mail<span class=\"required\">*<\/span><\/label><input name=\"kb_field_1\" id=\"kb_field_431_6d76c8-05_1\" data-label=\"Votre adresse e-mail\" type=\"email\" placeholder=\"\" value=\"\" data-type=\"email\" class=\"kb-field kb-text-style-field kb-email-field kb-field-1\" data-required=\"yes\" data-required-message=\"Une adresse e-mail est requis.\" data-validation-message=\"L'adresse e-mail n'est pas valide.\"\/><\/div><div class=\"kadence-blocks-form-field kb-form-field-2 kb-field-desk-width-100 kb-input-size-standard\"><label for=\"kb_field_431_6d76c8-05_2\">Sujet<span class=\"required\">*<\/span><\/label><input name=\"kb_field_2\" id=\"kb_field_431_6d76c8-05_2\" data-label=\"Sujet\" type=\"text\" placeholder=\"\" value=\"\" data-type=\"text\" class=\"kb-field kb-text-style-field kb-text-field kb-field-2\" data-required=\"yes\" data-required-message=\"Le sujet est requis.\"\/><\/div><div class=\"kadence-blocks-form-field kb-form-field-3 kb-field-desk-width-100 kb-input-size-standard\"><label for=\"kb_field_431_6d76c8-05_3\">Message<span class=\"required\">*<\/span><\/label><textarea name=\"kb_field_3\" id=\"kb_field_431_6d76c8-05_3\" data-label=\"Message\" type=\"textarea\" placeholder=\"\" data-type=\"textarea\" class=\"kb-field kb-text-style-field kb-textarea-field kb-field-3\" rows=\"4\" data-required=\"yes\" data-required-message=\"Un message est requis.\"><\/textarea><\/div><input type=\"hidden\" name=\"_kb_form_id\" value=\"431_6d76c8-05\"\/><input type=\"hidden\" name=\"_kb_form_post_id\" value=\"431\"\/><input type=\"hidden\" name=\"action\" value=\"kb_process_ajax_submit\"\/><label class=\"kadence-verify-label\">Email<input class=\"kadence-blocks-field verify\" type=\"text\" name=\"_kb_verify_email\" autocomplete=\"new-password\" aria-hidden=\"true\" placeholder=\"Email\" tabindex=\"-1\" data-1p-ignore=\"true\" data-lpignore=\"true\" \/><\/label><div class=\"kadence-blocks-form-field kb-submit-field kb-field-desk-width-100\"><button class=\"kb-forms-submit button kb-button-size-small kb-button-width-full\">Envoyer<\/button><\/div><\/form><\/div>\n<noscript><div class=\"kadence-blocks-form-message kadence-blocks-form-warning\">Schakel JavaScript in je browser in om dit formulier in te dienen<\/div><style>.kadence-form-431_6d76c8-05 .kadence-blocks-form-field.kb-submit-field { display: none; }<\/style><\/noscript><\/div><\/div>\n<\/div><\/div>\n<\/div><\/div>\n\n<\/div><\/div>","protected":false},"excerpt":{"rendered":"<p>Lama Fortune Neem contact met ons op We doen er alles aan om je vragen te beantwoorden en je persoonlijke ondersteuning te bieden. Aarzel niet om contact met ons op te nemen als je vragen hebt! Vul het contactformulier in en we nemen zo snel mogelijk contact met je op!<\/p>","protected":false},"author":3,"featured_media":0,"parent":0,"menu_order":0,"comment_status":"closed","ping_status":"closed","template":"","meta":{"_kad_blocks_custom_css":"","_kad_blocks_head_custom_js":"","_kad_blocks_body_custom_js":"","_kad_blocks_footer_custom_js":"","_kad_post_transparent":"","_kad_post_title":"hide","_kad_post_layout":"fullwidth","_kad_post_sidebar_id":"","_kad_post_content_style":"","_kad_post_vertical_padding":"hide","_kad_post_feature":"","_kad_post_feature_position":"","_kad_post_header":false,"_kad_post_footer":false,"_kad_post_classname":"","footnotes":""},"class_list":["post-431","page","type-page","status-publish","hentry"],"taxonomy_info":[],"featured_image_src_large":false,"author_info":{"display_name":"Martin Moth\u00e9","author_link":"https:\/\/old.lama-fortune.com\/nl\/author\/mmothe\/"},"comment_info":0,"_links":{"self":[{"href":"https:\/\/old.lama-fortune.com\/nl\/wp-json\/wp\/v2\/pages\/431","targetHints":{"allow":["GET"]}}],"collection":[{"href":"https:\/\/old.lama-fortune.com\/nl\/wp-json\/wp\/v2\/pages"}],"about":[{"href":"https:\/\/old.lama-fortune.com\/nl\/wp-json\/wp\/v2\/types\/page"}],"author":[{"embeddable":true,"href":"https:\/\/old.lama-fortune.com\/nl\/wp-json\/wp\/v2\/users\/3"}],"replies":[{"embeddable":true,"href":"https:\/\/old.lama-fortune.com\/nl\/wp-json\/wp\/v2\/comments?post=431"}],"version-history":[{"count":0,"href":"https:\/\/old.lama-fortune.com\/nl\/wp-json\/wp\/v2\/pages\/431\/revisions"}],"wp:attachment":[{"href":"https:\/\/old.lama-fortune.com\/nl\/wp-json\/wp\/v2\/media?parent=431"}],"curies":[{"name":"wp","href":"https:\/\/api.w.org\/{rel}","templated":true}]}}